{"id":18,"date":"2026-02-17T13:55:34","date_gmt":"2026-02-17T13:55:34","guid":{"rendered":"http:\/\/mdinnovconsulting.com\/?page_id=18"},"modified":"2026-03-30T14:30:14","modified_gmt":"2026-03-30T14:30:14","slug":"contact","status":"publish","type":"page","link":"https:\/\/mdinnovconsulting.com\/index.php\/contact\/","title":{"rendered":"Contact"},"content":{"rendered":"\t\t<div data-elementor-type=\"wp-page\" data-elementor-id=\"18\" class=\"elementor elementor-18\">\n\t\t\t\t<div class=\"elementor-element elementor-element-b70c0a3 e-flex e-con-boxed e-con e-parent\" data-id=\"b70c0a3\" data-element_type=\"container\" data-e-type=\"container\">\n\t\t\t\t\t<div class=\"e-con-inner\">\n\t\t\t\t<div class=\"elementor-element elementor-element-285d6c3 elementor-widget elementor-widget-spacer\" data-id=\"285d6c3\" data-element_type=\"widget\" data-e-type=\"widget\" data-widget_type=\"spacer.default\">\n\t\t\t\t\t\t\t<div class=\"elementor-spacer\">\n\t\t\t<div class=\"elementor-spacer-inner\"><\/div>\n\t\t<\/div>\n\t\t\t\t\t\t<\/div>\n\t\t\t\t\t<\/div>\n\t\t\t\t<\/div>\n\t\t<div class=\"elementor-element elementor-element-7fb492b e-flex e-con-boxed e-con e-parent\" data-id=\"7fb492b\" data-element_type=\"container\" data-e-type=\"container\">\n\t\t\t\t\t<div class=\"e-con-inner\">\n\t\t\t\t<div class=\"elementor-element elementor-element-56af5de elementor-invisible elementor-widget elementor-widget-heading\" data-id=\"56af5de\" data-element_type=\"widget\" data-e-type=\"widget\" data-settings=\"{&quot;_animation&quot;:&quot;bounce&quot;}\" data-widget_type=\"heading.default\">\n\t\t\t\t\t<h2 class=\"elementor-heading-title elementor-size-default\">Parlons de vos projets et de vos enjeux <\/h2>\t\t\t\t<\/div>\n\t\t\t\t<div class=\"elementor-element elementor-element-1da4ba3 elementor-widget elementor-widget-spacer\" data-id=\"1da4ba3\" data-element_type=\"widget\" data-e-type=\"widget\" data-widget_type=\"spacer.default\">\n\t\t\t\t\t\t\t<div class=\"elementor-spacer\">\n\t\t\t<div class=\"elementor-spacer-inner\"><\/div>\n\t\t<\/div>\n\t\t\t\t\t\t<\/div>\n\t\t\t\t\t<\/div>\n\t\t\t\t<\/div>\n\t\t<div class=\"elementor-element elementor-element-167e387 e-flex e-con-boxed e-con e-parent\" data-id=\"167e387\" data-element_type=\"container\" data-e-type=\"container\" data-settings=\"{&quot;animation&quot;:&quot;none&quot;}\">\n\t\t\t\t\t<div class=\"e-con-inner\">\n\t\t<div class=\"elementor-element elementor-element-eb0704e e-con-full e-flex e-con e-child\" data-id=\"eb0704e\" data-element_type=\"container\" data-e-type=\"container\" data-settings=\"{&quot;background_background&quot;:&quot;classic&quot;}\">\n\t\t\t\t<div class=\"elementor-element elementor-element-5ccf44b elementor-widget elementor-widget-heading\" data-id=\"5ccf44b\" data-element_type=\"widget\" data-e-type=\"widget\" data-widget_type=\"heading.default\">\n\t\t\t\t\t<h2 class=\"elementor-heading-title elementor-size-default\">L'entretien d\u00e9couverte<\/h2>\t\t\t\t<\/div>\n\t\t\t\t<div class=\"elementor-element elementor-element-730dec5 elementor-widget elementor-widget-spacer\" data-id=\"730dec5\" data-element_type=\"widget\" data-e-type=\"widget\" data-widget_type=\"spacer.default\">\n\t\t\t\t\t\t\t<div class=\"elementor-spacer\">\n\t\t\t<div class=\"elementor-spacer-inner\"><\/div>\n\t\t<\/div>\n\t\t\t\t\t\t<\/div>\n\t\t\t\t<div class=\"elementor-element elementor-element-99d7f9d elementor-widget elementor-widget-image\" data-id=\"99d7f9d\" data-element_type=\"widget\" data-e-type=\"widget\" data-widget_type=\"image.default\">\n\t\t\t\t\t\t\t\t\t\t\t\t\t\t\t<img fetchpriority=\"high\" decoding=\"async\" width=\"1024\" height=\"680\" src=\"https:\/\/mdinnovconsulting.com\/wp-content\/uploads\/2026\/03\/firmbee-com-SpVHcbuKi6E-unsplash-1024x680.jpg\" class=\"attachment-large size-large wp-image-744\" alt=\"\" srcset=\"https:\/\/mdinnovconsulting.com\/wp-content\/uploads\/2026\/03\/firmbee-com-SpVHcbuKi6E-unsplash-1024x680.jpg 1024w, https:\/\/mdinnovconsulting.com\/wp-content\/uploads\/2026\/03\/firmbee-com-SpVHcbuKi6E-unsplash-300x199.jpg 300w, https:\/\/mdinnovconsulting.com\/wp-content\/uploads\/2026\/03\/firmbee-com-SpVHcbuKi6E-unsplash-768x510.jpg 768w, https:\/\/mdinnovconsulting.com\/wp-content\/uploads\/2026\/03\/firmbee-com-SpVHcbuKi6E-unsplash-1536x1020.jpg 1536w, https:\/\/mdinnovconsulting.com\/wp-content\/uploads\/2026\/03\/firmbee-com-SpVHcbuKi6E-unsplash-2048x1360.jpg 2048w\" sizes=\"(max-width: 1024px) 100vw, 1024px\" \/>\t\t\t\t\t\t\t\t\t\t\t\t\t\t\t<\/div>\n\t\t\t\t<\/div>\n\t\t<div class=\"elementor-element elementor-element-1d09108 e-con-full e-flex e-con e-child\" data-id=\"1d09108\" data-element_type=\"container\" data-e-type=\"container\">\n\t\t\t\t<div class=\"elementor-element elementor-element-bca42af elementor-widget elementor-widget-text-editor\" data-id=\"bca42af\" data-element_type=\"widget\" data-e-type=\"widget\" data-widget_type=\"text-editor.default\">\n\t\t\t\t\t\t\t\t\t<p>Je vous propose de prendre rendez-vous si dessous, afin<u> d&rsquo;\u00e9changer sur vos besoins<\/u>.\u00a0<\/p><p>L&rsquo;entretien d\u00e9couverte est un pr\u00e9-diagnostic de <b>30 \u00e0 45 minutes.<\/b><\/p><p>Il a pour but de <b>poser les bases, de valider l&rsquo;ad\u00e9quation besoin\/prestation et de comprendre les enjeux.\u00a0<\/b><\/p><p>Pendant cet \u00e9change, nous verrons<\/p><ul><li>une analyse rapide du contexte\u00a0<\/li><li>l&rsquo;identification des irritants\/besoins cl\u00e9s\u00a0<\/li><li>\u00a0la proposition d&rsquo;une trajectoire d&rsquo;intervention<\/li><li>l&rsquo;estimation des ressources n\u00e9cessaires<\/li><\/ul><div>\u00c0 l&rsquo;issue de ces 45 minutes, et dans le cas o\u00f9 MDINNOV Consulting est <i>apte proposer un plan d&rsquo;action <\/i>en accord le besoin client, vous recevrez la <i>synth\u00e8se de pr\u00e9-diagnotic <\/i>et <i>une proposition commerciale personnalis\u00e9e.\u00a0<\/i><\/div>\t\t\t\t\t\t\t\t<\/div>\n\t\t\t\t<div class=\"elementor-element elementor-element-4a6c549 elementor-widget elementor-widget-spacer\" data-id=\"4a6c549\" data-element_type=\"widget\" data-e-type=\"widget\" data-widget_type=\"spacer.default\">\n\t\t\t\t\t\t\t<div class=\"elementor-spacer\">\n\t\t\t<div class=\"elementor-spacer-inner\"><\/div>\n\t\t<\/div>\n\t\t\t\t\t\t<\/div>\n\t\t\t\t<div class=\"elementor-element elementor-element-100013d elementor-align-center elementor-widget elementor-widget-button\" data-id=\"100013d\" data-element_type=\"widget\" data-e-type=\"widget\" data-widget_type=\"button.default\">\n\t\t\t\t\t\t\t\t\t\t<a class=\"elementor-button elementor-button-link elementor-size-sm\" href=\"https:\/\/mdinnovconsulting.com\/index.php\/booking-page\/\">\n\t\t\t\t\t\t<span class=\"elementor-button-content-wrapper\">\n\t\t\t\t\t\t\t\t\t<span class=\"elementor-button-text\">r\u00e9server un entretien d\u00e9couverte <\/span>\n\t\t\t\t\t<\/span>\n\t\t\t\t\t<\/a>\n\t\t\t\t\t\t\t\t<\/div>\n\t\t\t\t<div class=\"elementor-element elementor-element-c8df459 elementor-widget elementor-widget-spacer\" data-id=\"c8df459\" data-element_type=\"widget\" data-e-type=\"widget\" data-widget_type=\"spacer.default\">\n\t\t\t\t\t\t\t<div class=\"elementor-spacer\">\n\t\t\t<div class=\"elementor-spacer-inner\"><\/div>\n\t\t<\/div>\n\t\t\t\t\t\t<\/div>\n\t\t\t\t<\/div>\n\t\t\t\t\t<\/div>\n\t\t\t\t<\/div>\n\t\t<div class=\"elementor-element elementor-element-5aebf5f e-flex e-con-boxed e-con e-parent\" data-id=\"5aebf5f\" data-element_type=\"container\" data-e-type=\"container\">\n\t\t\t\t\t<div class=\"e-con-inner\">\n\t\t\t\t<div class=\"elementor-element elementor-element-a4a7a06 elementor-widget elementor-widget-spacer\" data-id=\"a4a7a06\" data-element_type=\"widget\" data-e-type=\"widget\" data-widget_type=\"spacer.default\">\n\t\t\t\t\t\t\t<div class=\"elementor-spacer\">\n\t\t\t<div class=\"elementor-spacer-inner\"><\/div>\n\t\t<\/div>\n\t\t\t\t\t\t<\/div>\n\t\t\t\t<div class=\"elementor-element elementor-element-b49b49e elementor-invisible elementor-widget elementor-widget-heading\" data-id=\"b49b49e\" data-element_type=\"widget\" data-e-type=\"widget\" data-settings=\"{&quot;_animation&quot;:&quot;bounce&quot;}\" data-widget_type=\"heading.default\">\n\t\t\t\t\t<h2 class=\"elementor-heading-title elementor-size-default\">Ou contacter-nous via le formulaire ci-dessous, afin de convenir d'une disponibilit\u00e9 commune pour \u00e9changer sur votre besoin.<\/h2>\t\t\t\t<\/div>\n\t\t\t\t<div class=\"elementor-element elementor-element-d88b9da elementor-widget elementor-widget-spacer\" data-id=\"d88b9da\" data-element_type=\"widget\" data-e-type=\"widget\" data-widget_type=\"spacer.default\">\n\t\t\t\t\t\t\t<div class=\"elementor-spacer\">\n\t\t\t<div class=\"elementor-spacer-inner\"><\/div>\n\t\t<\/div>\n\t\t\t\t\t\t<\/div>\n\t\t\t\t<div class=\"elementor-element elementor-element-8e65fd1 elementor-widget elementor-widget-heading\" data-id=\"8e65fd1\" data-element_type=\"widget\" data-e-type=\"widget\" data-widget_type=\"heading.default\">\n\t\t\t\t\t<h2 class=\"elementor-heading-title elementor-size-default\">Formulaire de contact <\/h2>\t\t\t\t<\/div>\n\t\t\t\t\t<\/div>\n\t\t\t\t<\/div>\n\t\t<div class=\"elementor-element elementor-element-d469575 e-flex e-con-boxed e-con e-parent\" data-id=\"d469575\" data-element_type=\"container\" data-e-type=\"container\">\n\t\t\t\t\t<div class=\"e-con-inner\">\n\t\t\t\t<div class=\"elementor-element elementor-element-2553bae elementor-widget__width-initial elementor-widget elementor-widget-text-editor\" data-id=\"2553bae\" data-element_type=\"widget\" data-e-type=\"widget\" data-widget_type=\"text-editor.default\">\n\t\t\t\t\t\t\t\t\t\n<div class=\"wpcf7 no-js\" id=\"wpcf7-f307-o1\" lang=\"fr-FR\" dir=\"ltr\" data-wpcf7-id=\"307\">\n<div class=\"screen-reader-response\"><p role=\"status\" aria-live=\"polite\" aria-atomic=\"true\"><\/p> <ul><\/ul><\/div>\n<form action=\"\/index.php\/wp-json\/wp\/v2\/pages\/18#wpcf7-f307-o1\" method=\"post\" class=\"wpcf7-form init\" aria-label=\"Formulaire de contact\" novalidate=\"novalidate\" data-status=\"init\">\n<fieldset class=\"hidden-fields-container\"><input type=\"hidden\" name=\"_wpcf7\" value=\"307\" \/><input type=\"hidden\" name=\"_wpcf7_version\" value=\"6.1.5\" \/><input type=\"hidden\" name=\"_wpcf7_locale\" value=\"fr_FR\" \/><input type=\"hidden\" name=\"_wpcf7_unit_tag\" value=\"wpcf7-f307-o1\" \/><input type=\"hidden\" name=\"_wpcf7_container_post\" value=\"0\" \/><input type=\"hidden\" name=\"_wpcf7_posted_data_hash\" value=\"\" \/>\n<\/fieldset>\n<p><label> Votre nom<br \/>\n<span class=\"wpcf7-form-control-wrap\" data-name=\"your-name\"><input size=\"40\" maxlength=\"400\" class=\"wpcf7-form-control wpcf7-text wpcf7-validates-as-required\" autocomplete=\"name\" aria-required=\"true\" aria-invalid=\"false\" value=\"\" type=\"text\" name=\"your-name\" \/><\/span> <\/label>\n<\/p>\n<p><label> Votre e-mail<br \/>\n<span class=\"wpcf7-form-control-wrap\" data-name=\"your-email\"><input size=\"40\" maxlength=\"400\" class=\"wpcf7-form-control wpcf7-email wpcf7-validates-as-required wpcf7-text wpcf7-validates-as-email\" autocomplete=\"email\" aria-required=\"true\" aria-invalid=\"false\" value=\"\" type=\"email\" name=\"your-email\" \/><\/span> <\/label>\n<\/p>\n<p><label> Objet<br \/>\n<span class=\"wpcf7-form-control-wrap\" data-name=\"your-subject\"><input size=\"40\" maxlength=\"400\" class=\"wpcf7-form-control wpcf7-text wpcf7-validates-as-required\" aria-required=\"true\" aria-invalid=\"false\" value=\"\" type=\"text\" name=\"your-subject\" \/><\/span> <\/label>\n<\/p>\n<p><label> Int\u00e9r\u00eat prestation<br \/>\n<span class=\"wpcf7-form-control-wrap\" data-name=\"select-579\"><select class=\"wpcf7-form-control wpcf7-select\" aria-invalid=\"false\" name=\"select-579\"><option value=\"\u00c0 d\u00e9terminer\">\u00c0 d\u00e9terminer<\/option><option value=\"Pilotage de projet\">Pilotage de projet<\/option><option value=\"Transformation organisationnelle\">Transformation organisationnelle<\/option><\/select><\/span><br \/>\n<\/label><label> Votre message (facultatif)<br \/>\n<span class=\"wpcf7-form-control-wrap\" data-name=\"your-message\"><textarea cols=\"40\" rows=\"10\" maxlength=\"2000\" class=\"wpcf7-form-control wpcf7-textarea\" aria-invalid=\"false\" name=\"your-message\"><\/textarea><\/span> <\/label>\n<\/p>\n<p><input class=\"wpcf7-form-control wpcf7-submit has-spinner\" type=\"submit\" value=\"Envoyer\" \/>\n<\/p><div class=\"wpcf7-response-output\" aria-hidden=\"true\"><\/div>\n<\/form>\n<\/div>\n\t\t\t\t\t\t\t\t<\/div>\n\t\t\t\t\t<\/div>\n\t\t\t\t<\/div>\n\t\t<div class=\"elementor-element elementor-element-e8a05d0 e-flex e-con-boxed e-con e-parent\" data-id=\"e8a05d0\" data-element_type=\"container\" data-e-type=\"container\">\n\t\t\t\t\t<div class=\"e-con-inner\">\n\t\t\t\t\t<\/div>\n\t\t\t\t<\/div>\n\t\t<div class=\"elementor-element elementor-element-633b2db e-flex e-con-boxed e-con e-parent\" data-id=\"633b2db\" data-element_type=\"container\" data-e-type=\"container\">\n\t\t\t\t\t<div class=\"e-con-inner\">\n\t\t\t\t\t<\/div>\n\t\t\t\t<\/div>\n\t\t\t\t<\/div>\n\t\t","protected":false},"excerpt":{"rendered":"<p>Parlons de vos projets et de vos enjeux L&rsquo;entretien d\u00e9couverte Je vous propose de prendre rendez-vous si dessous, afin d&rsquo;\u00e9changer [&hellip;]<\/p>\n","protected":false},"author":1,"featured_media":0,"parent":0,"menu_order":4,"comment_status":"closed","ping_status":"closed","template":"","meta":{"site-sidebar-layout":"no-sidebar","site-content-layout":"","ast-site-content-layout":"full-width-container","site-content-style":"default","site-sidebar-style":"default","ast-global-header-display":"","ast-banner-title-visibility":"","ast-main-header-display":"","ast-hfb-above-header-display":"","ast-hfb-below-header-display":"","ast-hfb-mobile-header-display":"","site-post-title":"disabled","ast-breadcrumbs-content":"","ast-featured-img":"disabled","footer-sml-layout":"","ast-disable-related-posts":"","theme-transparent-header-meta":"","adv-header-id-meta":"","stick-header-meta":"","header-above-stick-meta":"","header-main-stick-meta":"","header-below-stick-meta":"","astra-migrate-meta-layouts":"default","ast-page-background-enabled":"default","ast-page-background-meta":{"desktop":{"background-color":"var(--ast-global-color-5)","background-image":"","background-repeat":"repeat","background-position":"center center","background-size":"auto","background-attachment":"scroll","background-type":"","background-media":"","overlay-type":"","overlay-color":"","overlay-opacity":"","overlay-gradient":""},"tablet":{"background-color":"","background-image":"","background-repeat":"repeat","background-position":"center center","background-size":"auto","background-attachment":"scroll","background-type":"","background-media":"","overlay-type":"","overlay-color":"","overlay-opacity":"","overlay-gradient":""},"mobile":{"background-color":"","background-image":"","background-repeat":"repeat","background-position":"center center","background-size":"auto","background-attachment":"scroll","background-type":"","background-media":"","overlay-type":"","overlay-color":"","overlay-opacity":"","overlay-gradient":""}},"ast-content-background-meta":{"desktop":{"background-color":"var(--ast-global-color-4)","background-image":"","background-repeat":"repeat","background-position":"center center","background-size":"auto","background-attachment":"scroll","background-type":"","background-media":"","overlay-type":"","overlay-color":"","overlay-opacity":"","overlay-gradient":""},"tablet":{"background-color":"var(--ast-global-color-4)","background-image":"","background-repeat":"repeat","background-position":"center center","background-size":"auto","background-attachment":"scroll","background-type":"","background-media":"","overlay-type":"","overlay-color":"","overlay-opacity":"","overlay-gradient":""},"mobile":{"background-color":"var(--ast-global-color-4)","background-image":"","background-repeat":"repeat","background-position":"center center","background-size":"auto","background-attachment":"scroll","background-type":"","background-media":"","overlay-type":"","overlay-color":"","overlay-opacity":"","overlay-gradient":""}},"footnotes":""},"class_list":["post-18","page","type-page","status-publish","hentry"],"yoast_head":"<!-- This site is optimized with the Yoast SEO plugin v27.3 - https:\/\/yoast.com\/product\/yoast-seo-wordpress\/ -->\n<title>Contact - MDINNOV Consulting<\/title>\n<meta name=\"robots\" content=\"index, follow, max-snippet:-1, max-image-preview:large, max-video-preview:-1\" \/>\n<link rel=\"canonical\" href=\"https:\/\/mdinnovconsulting.com\/index.php\/contact\/\" \/>\n<meta property=\"og:locale\" content=\"fr_FR\" \/>\n<meta property=\"og:type\" content=\"article\" \/>\n<meta property=\"og:title\" content=\"Contact - MDINNOV Consulting\" \/>\n<meta property=\"og:description\" content=\"Parlons de vos projets et de vos enjeux L&rsquo;entretien d\u00e9couverte Je vous propose de prendre rendez-vous si dessous, afin d&rsquo;\u00e9changer [&hellip;]\" \/>\n<meta property=\"og:url\" content=\"https:\/\/mdinnovconsulting.com\/index.php\/contact\/\" \/>\n<meta property=\"og:site_name\" content=\"MDINNOV Consulting\" \/>\n<meta property=\"article:modified_time\" content=\"2026-03-30T14:30:14+00:00\" \/>\n<meta property=\"og:image\" content=\"http:\/\/mdinnovconsulting.com\/wp-content\/uploads\/2026\/03\/firmbee-com-SpVHcbuKi6E-unsplash-1024x680.jpg\" \/>\n<meta name=\"twitter:card\" content=\"summary_large_image\" \/>\n<meta name=\"twitter:label1\" content=\"Dur\u00e9e de lecture estim\u00e9e\" \/>\n\t<meta name=\"twitter:data1\" content=\"1 minute\" \/>\n<script type=\"application\/ld+json\" class=\"yoast-schema-graph\">{\"@context\":\"https:\\\/\\\/schema.org\",\"@graph\":[{\"@type\":\"WebPage\",\"@id\":\"https:\\\/\\\/mdinnovconsulting.com\\\/index.php\\\/contact\\\/\",\"url\":\"https:\\\/\\\/mdinnovconsulting.com\\\/index.php\\\/contact\\\/\",\"name\":\"Contact - MDINNOV Consulting\",\"isPartOf\":{\"@id\":\"http:\\\/\\\/mdinnovconsulting.com\\\/#website\"},\"primaryImageOfPage\":{\"@id\":\"https:\\\/\\\/mdinnovconsulting.com\\\/index.php\\\/contact\\\/#primaryimage\"},\"image\":{\"@id\":\"https:\\\/\\\/mdinnovconsulting.com\\\/index.php\\\/contact\\\/#primaryimage\"},\"thumbnailUrl\":\"http:\\\/\\\/mdinnovconsulting.com\\\/wp-content\\\/uploads\\\/2026\\\/03\\\/firmbee-com-SpVHcbuKi6E-unsplash-1024x680.jpg\",\"datePublished\":\"2026-02-17T13:55:34+00:00\",\"dateModified\":\"2026-03-30T14:30:14+00:00\",\"breadcrumb\":{\"@id\":\"https:\\\/\\\/mdinnovconsulting.com\\\/index.php\\\/contact\\\/#breadcrumb\"},\"inLanguage\":\"fr-FR\",\"potentialAction\":[{\"@type\":\"ReadAction\",\"target\":[\"https:\\\/\\\/mdinnovconsulting.com\\\/index.php\\\/contact\\\/\"]}]},{\"@type\":\"ImageObject\",\"inLanguage\":\"fr-FR\",\"@id\":\"https:\\\/\\\/mdinnovconsulting.com\\\/index.php\\\/contact\\\/#primaryimage\",\"url\":\"https:\\\/\\\/mdinnovconsulting.com\\\/wp-content\\\/uploads\\\/2026\\\/03\\\/firmbee-com-SpVHcbuKi6E-unsplash-scaled.jpg\",\"contentUrl\":\"https:\\\/\\\/mdinnovconsulting.com\\\/wp-content\\\/uploads\\\/2026\\\/03\\\/firmbee-com-SpVHcbuKi6E-unsplash-scaled.jpg\",\"width\":2560,\"height\":1700},{\"@type\":\"BreadcrumbList\",\"@id\":\"https:\\\/\\\/mdinnovconsulting.com\\\/index.php\\\/contact\\\/#breadcrumb\",\"itemListElement\":[{\"@type\":\"ListItem\",\"position\":1,\"name\":\"Accueil\",\"item\":\"http:\\\/\\\/mdinnovconsulting.com\\\/\"},{\"@type\":\"ListItem\",\"position\":2,\"name\":\"Contact\"}]},{\"@type\":\"WebSite\",\"@id\":\"http:\\\/\\\/mdinnovconsulting.com\\\/#website\",\"url\":\"http:\\\/\\\/mdinnovconsulting.com\\\/\",\"name\":\"MDINNOV Consulting\",\"description\":\"Making change last.\",\"publisher\":{\"@id\":\"http:\\\/\\\/mdinnovconsulting.com\\\/#organization\"},\"potentialAction\":[{\"@type\":\"SearchAction\",\"target\":{\"@type\":\"EntryPoint\",\"urlTemplate\":\"http:\\\/\\\/mdinnovconsulting.com\\\/?s={search_term_string}\"},\"query-input\":{\"@type\":\"PropertyValueSpecification\",\"valueRequired\":true,\"valueName\":\"search_term_string\"}}],\"inLanguage\":\"fr-FR\"},{\"@type\":\"Organization\",\"@id\":\"http:\\\/\\\/mdinnovconsulting.com\\\/#organization\",\"name\":\"MDINNOV Consulting\",\"url\":\"http:\\\/\\\/mdinnovconsulting.com\\\/\",\"logo\":{\"@type\":\"ImageObject\",\"inLanguage\":\"fr-FR\",\"@id\":\"http:\\\/\\\/mdinnovconsulting.com\\\/#\\\/schema\\\/logo\\\/image\\\/\",\"url\":\"https:\\\/\\\/mdinnovconsulting.com\\\/wp-content\\\/uploads\\\/2026\\\/02\\\/2.png\",\"contentUrl\":\"https:\\\/\\\/mdinnovconsulting.com\\\/wp-content\\\/uploads\\\/2026\\\/02\\\/2.png\",\"width\":500,\"height\":500,\"caption\":\"MDINNOV Consulting\"},\"image\":{\"@id\":\"http:\\\/\\\/mdinnovconsulting.com\\\/#\\\/schema\\\/logo\\\/image\\\/\"}}]}<\/script>\n<!-- \/ Yoast SEO plugin. -->","yoast_head_json":{"title":"Contact - MDINNOV Consulting","robots":{"index":"index","follow":"follow","max-snippet":"max-snippet:-1","max-image-preview":"max-image-preview:large","max-video-preview":"max-video-preview:-1"},"canonical":"https:\/\/mdinnovconsulting.com\/index.php\/contact\/","og_locale":"fr_FR","og_type":"article","og_title":"Contact - MDINNOV Consulting","og_description":"Parlons de vos projets et de vos enjeux L&rsquo;entretien d\u00e9couverte Je vous propose de prendre rendez-vous si dessous, afin d&rsquo;\u00e9changer [&hellip;]","og_url":"https:\/\/mdinnovconsulting.com\/index.php\/contact\/","og_site_name":"MDINNOV Consulting","article_modified_time":"2026-03-30T14:30:14+00:00","og_image":[{"url":"http:\/\/mdinnovconsulting.com\/wp-content\/uploads\/2026\/03\/firmbee-com-SpVHcbuKi6E-unsplash-1024x680.jpg","type":"","width":"","height":""}],"twitter_card":"summary_large_image","twitter_misc":{"Dur\u00e9e de lecture estim\u00e9e":"1 minute"},"schema":{"@context":"https:\/\/schema.org","@graph":[{"@type":"WebPage","@id":"https:\/\/mdinnovconsulting.com\/index.php\/contact\/","url":"https:\/\/mdinnovconsulting.com\/index.php\/contact\/","name":"Contact - MDINNOV Consulting","isPartOf":{"@id":"http:\/\/mdinnovconsulting.com\/#website"},"primaryImageOfPage":{"@id":"https:\/\/mdinnovconsulting.com\/index.php\/contact\/#primaryimage"},"image":{"@id":"https:\/\/mdinnovconsulting.com\/index.php\/contact\/#primaryimage"},"thumbnailUrl":"http:\/\/mdinnovconsulting.com\/wp-content\/uploads\/2026\/03\/firmbee-com-SpVHcbuKi6E-unsplash-1024x680.jpg","datePublished":"2026-02-17T13:55:34+00:00","dateModified":"2026-03-30T14:30:14+00:00","breadcrumb":{"@id":"https:\/\/mdinnovconsulting.com\/index.php\/contact\/#breadcrumb"},"inLanguage":"fr-FR","potentialAction":[{"@type":"ReadAction","target":["https:\/\/mdinnovconsulting.com\/index.php\/contact\/"]}]},{"@type":"ImageObject","inLanguage":"fr-FR","@id":"https:\/\/mdinnovconsulting.com\/index.php\/contact\/#primaryimage","url":"https:\/\/mdinnovconsulting.com\/wp-content\/uploads\/2026\/03\/firmbee-com-SpVHcbuKi6E-unsplash-scaled.jpg","contentUrl":"https:\/\/mdinnovconsulting.com\/wp-content\/uploads\/2026\/03\/firmbee-com-SpVHcbuKi6E-unsplash-scaled.jpg","width":2560,"height":1700},{"@type":"BreadcrumbList","@id":"https:\/\/mdinnovconsulting.com\/index.php\/contact\/#breadcrumb","itemListElement":[{"@type":"ListItem","position":1,"name":"Accueil","item":"http:\/\/mdinnovconsulting.com\/"},{"@type":"ListItem","position":2,"name":"Contact"}]},{"@type":"WebSite","@id":"http:\/\/mdinnovconsulting.com\/#website","url":"http:\/\/mdinnovconsulting.com\/","name":"MDINNOV Consulting","description":"Making change last.","publisher":{"@id":"http:\/\/mdinnovconsulting.com\/#organization"},"potentialAction":[{"@type":"SearchAction","target":{"@type":"EntryPoint","urlTemplate":"http:\/\/mdinnovconsulting.com\/?s={search_term_string}"},"query-input":{"@type":"PropertyValueSpecification","valueRequired":true,"valueName":"search_term_string"}}],"inLanguage":"fr-FR"},{"@type":"Organization","@id":"http:\/\/mdinnovconsulting.com\/#organization","name":"MDINNOV Consulting","url":"http:\/\/mdinnovconsulting.com\/","logo":{"@type":"ImageObject","inLanguage":"fr-FR","@id":"http:\/\/mdinnovconsulting.com\/#\/schema\/logo\/image\/","url":"https:\/\/mdinnovconsulting.com\/wp-content\/uploads\/2026\/02\/2.png","contentUrl":"https:\/\/mdinnovconsulting.com\/wp-content\/uploads\/2026\/02\/2.png","width":500,"height":500,"caption":"MDINNOV Consulting"},"image":{"@id":"http:\/\/mdinnovconsulting.com\/#\/schema\/logo\/image\/"}}]}},"_links":{"self":[{"href":"https:\/\/mdinnovconsulting.com\/index.php\/wp-json\/wp\/v2\/pages\/18","targetHints":{"allow":["GET"]}}],"collection":[{"href":"https:\/\/mdinnovconsulting.com\/index.php\/wp-json\/wp\/v2\/pages"}],"about":[{"href":"https:\/\/mdinnovconsulting.com\/index.php\/wp-json\/wp\/v2\/types\/page"}],"author":[{"embeddable":true,"href":"https:\/\/mdinnovconsulting.com\/index.php\/wp-json\/wp\/v2\/users\/1"}],"replies":[{"embeddable":true,"href":"https:\/\/mdinnovconsulting.com\/index.php\/wp-json\/wp\/v2\/comments?post=18"}],"version-history":[{"count":95,"href":"https:\/\/mdinnovconsulting.com\/index.php\/wp-json\/wp\/v2\/pages\/18\/revisions"}],"predecessor-version":[{"id":1088,"href":"https:\/\/mdinnovconsulting.com\/index.php\/wp-json\/wp\/v2\/pages\/18\/revisions\/1088"}],"wp:attachment":[{"href":"https:\/\/mdinnovconsulting.com\/index.php\/wp-json\/wp\/v2\/media?parent=18"}],"curies":[{"name":"wp","href":"https:\/\/api.w.org\/{rel}","templated":true}]}}