{"id":337,"date":"2026-03-03T14:04:24","date_gmt":"2026-03-03T14:04:24","guid":{"rendered":"https:\/\/mdinnovconsulting.com\/?page_id=337"},"modified":"2026-03-30T16:11:49","modified_gmt":"2026-03-30T16:11:49","slug":"mentions-legales","status":"publish","type":"page","link":"https:\/\/mdinnovconsulting.com\/index.php\/mentions-legales\/","title":{"rendered":"Mentions l\u00e9gales"},"content":{"rendered":"\t\t<div data-elementor-type=\"wp-page\" data-elementor-id=\"337\" class=\"elementor elementor-337\">\n\t\t\t\t<div class=\"elementor-element elementor-element-c9eff35 e-flex e-con-boxed e-con e-parent\" data-id=\"c9eff35\" data-element_type=\"container\" data-e-type=\"container\">\n\t\t\t\t\t<div class=\"e-con-inner\">\n\t\t\t\t<div class=\"elementor-element elementor-element-78a8f73 elementor-widget elementor-widget-spacer\" data-id=\"78a8f73\" data-element_type=\"widget\" data-e-type=\"widget\" data-widget_type=\"spacer.default\">\n\t\t\t\t\t\t\t<div class=\"elementor-spacer\">\n\t\t\t<div class=\"elementor-spacer-inner\"><\/div>\n\t\t<\/div>\n\t\t\t\t\t\t<\/div>\n\t\t\t\t<div class=\"elementor-element elementor-element-b566e08 elementor-widget elementor-widget-heading\" data-id=\"b566e08\" data-element_type=\"widget\" data-e-type=\"widget\" data-widget_type=\"heading.default\">\n\t\t\t\t\t<h2 class=\"elementor-heading-title elementor-size-default\">Mentions l\u00e9gales<\/h2>\t\t\t\t<\/div>\n\t\t\t\t\t<\/div>\n\t\t\t\t<\/div>\n\t\t<div class=\"elementor-element elementor-element-483d262 e-flex e-con-boxed e-con e-parent\" data-id=\"483d262\" data-element_type=\"container\" data-e-type=\"container\">\n\t\t\t\t\t<div class=\"e-con-inner\">\n\t\t\t\t<div class=\"elementor-element elementor-element-14ff98d elementor-widget__width-initial elementor-invisible elementor-widget elementor-widget-heading\" data-id=\"14ff98d\" data-element_type=\"widget\" data-e-type=\"widget\" data-settings=\"{&quot;_animation&quot;:&quot;fadeIn&quot;}\" data-widget_type=\"heading.default\">\n\t\t\t\t\t<h2 class=\"elementor-heading-title elementor-size-default\"><span style=\"font-weight:normal\"><h1 dir=\"ltr\" style=\"text-align: left;line-height: 1.38;margin-top: 20pt;margin-bottom: 4pt\"><span style=\"text-align: start;font-size: 26.6667px\"><font color=\"#000000\">\u00c9diteur du site<\/font><\/span><span style=\"font-size: 40px;text-align: start\"><\/span><\/h1><\/span><\/h2>\t\t\t\t<\/div>\n\t\t\t\t\t<\/div>\n\t\t\t\t<\/div>\n\t\t<div class=\"elementor-element elementor-element-276443c e-flex e-con-boxed e-con e-parent\" data-id=\"276443c\" data-element_type=\"container\" data-e-type=\"container\">\n\t\t\t\t\t<div class=\"e-con-inner\">\n\t\t\t\t<div class=\"elementor-element elementor-element-b10b29f elementor-widget elementor-widget-text-editor\" data-id=\"b10b29f\" data-element_type=\"widget\" data-e-type=\"widget\" data-widget_type=\"text-editor.default\">\n\t\t\t\t\t\t\t\t\t<p>Le pr\u00e9sent site est \u00e9dit\u00e9 par :<\/p><p><b>Nom commercial :<\/b><span style=\"font-weight: 400;\"> MDINNOV Consulting\u00a0<\/span><\/p><p><b>Statut juridique :<\/b><span style=\"font-weight: 400;\"> Micro-entreprise<\/span><\/p><p><b>Nom \/ Pr\u00e9nom :<\/b><span style=\"font-weight: 400;\"> Mathilde DUBOIS\u00a0<\/span><\/p><p><b>Adresse :<\/b><span style=\"font-weight: 400;\"> 35 rue Brouardel, 31000 Toulouse<\/span><\/p><p><b>SIRET :<\/b><span style=\"font-weight: 400;\"> [Num\u00e9ro]<\/span><\/p><p><b>Code APE :<\/b><span style=\"font-weight: 400;\"> [ex : 7022Z]<\/span><\/p><p><b>Email : <\/b><a href=\"mailto:mathildedubois.digitalpro@gmail.com\"><span style=\"font-weight: 400;\">mathildedubois.digitalpro@gmail.com<\/span><\/a><\/p><p><b>T\u00e9l\u00e9phone :<\/b><span style=\"font-weight: 400;\">\u00a0<\/span><\/p><p><b>Site web<\/b><span style=\"font-weight: 400;\"> : <\/span><a href=\"http:\/\/mdinnovconsulting.com\"><span style=\"font-weight: 400;\">http:\/\/mdinnovconsulting.com<\/span><\/a><\/p><p><b> Num\u00e9ro de TVA intracommunautaire : <\/b>[si applicable]<b><br data-start=\"707\" data-end=\"710\" \/>Ou : TVA non applicable, article 293 B du CGI<\/b><\/p>\t\t\t\t\t\t\t\t<\/div>\n\t\t\t\t\t<\/div>\n\t\t\t\t<\/div>\n\t\t<div class=\"elementor-element elementor-element-b70ede0 e-flex e-con-boxed e-con e-parent\" data-id=\"b70ede0\" data-element_type=\"container\" data-e-type=\"container\">\n\t\t\t\t\t<div class=\"e-con-inner\">\n\t\t\t\t<div class=\"elementor-element elementor-element-9751c6b elementor-widget__width-initial elementor-invisible elementor-widget elementor-widget-heading\" data-id=\"9751c6b\" data-element_type=\"widget\" data-e-type=\"widget\" data-settings=\"{&quot;_animation&quot;:&quot;fadeIn&quot;}\" data-widget_type=\"heading.default\">\n\t\t\t\t\t<h2 class=\"elementor-heading-title elementor-size-default\"><span style=\"font-weight:normal\"><h1 dir=\"ltr\" style=\"text-align: left;line-height: 1.38;margin-top: 20pt;margin-bottom: 4pt\"><span style=\"text-align: start;font-size: 26.6667px\"><font color=\"#000000\">Directeur de publication<\/font><\/span><span style=\"font-size: 40px;text-align: start\"><\/span><\/h1><\/span><\/h2>\t\t\t\t<\/div>\n\t\t\t\t\t<\/div>\n\t\t\t\t<\/div>\n\t\t<div class=\"elementor-element elementor-element-b96b2c2 e-flex e-con-boxed e-con e-parent\" data-id=\"b96b2c2\" data-element_type=\"container\" data-e-type=\"container\">\n\t\t\t\t\t<div class=\"e-con-inner\">\n\t\t\t\t<div class=\"elementor-element elementor-element-514d719 elementor-widget__width-initial elementor-invisible elementor-widget elementor-widget-heading\" data-id=\"514d719\" data-element_type=\"widget\" data-e-type=\"widget\" data-settings=\"{&quot;_animation&quot;:&quot;fadeIn&quot;}\" data-widget_type=\"heading.default\">\n\t\t\t\t\t<h2 class=\"elementor-heading-title elementor-size-default\"><span style=\"font-weight:normal\"><h1 dir=\"ltr\" style=\"text-align: left;line-height: 1.38;margin-top: 20pt;margin-bottom: 4pt\"><span style=\"text-align: start;font-size: 26.6667px\"><font color=\"#000000\">H\u00e9bergeur<\/font><\/span><span style=\"font-size: 40px;text-align: start\"><\/span><\/h1><\/span><\/h2>\t\t\t\t<\/div>\n\t\t\t\t<div class=\"elementor-element elementor-element-6a2dbb3 elementor-widget elementor-widget-text-editor\" data-id=\"6a2dbb3\" data-element_type=\"widget\" data-e-type=\"widget\" data-widget_type=\"text-editor.default\">\n\t\t\t\t\t\t\t\t\t<p><span style=\"font-weight: 400;\">Mathilde DUBOIS<\/span><\/p>\t\t\t\t\t\t\t\t<\/div>\n\t\t\t\t<div class=\"elementor-element elementor-element-5ffdb93 elementor-widget elementor-widget-text-editor\" data-id=\"5ffdb93\" data-element_type=\"widget\" data-e-type=\"widget\" data-widget_type=\"text-editor.default\">\n\t\t\t\t\t\t\t\t\t<p data-start=\"834\" data-end=\"859\">Le site est h\u00e9berg\u00e9 par :<\/p><p data-start=\"861\" data-end=\"960\">[Nom de l\u2019h\u00e9bergeur \u2013 ex : OVH, IONOS, etc.]<br data-start=\"905\" data-end=\"908\" \/>Adresse : [adresse h\u00e9bergeur]<br data-start=\"937\" data-end=\"940\" \/>T\u00e9l\u00e9phone : [num\u00e9ro]<\/p>\t\t\t\t\t\t\t\t<\/div>\n\t\t\t\t<div class=\"elementor-element elementor-element-46d6c48 elementor-widget__width-initial elementor-invisible elementor-widget elementor-widget-heading\" data-id=\"46d6c48\" data-element_type=\"widget\" data-e-type=\"widget\" data-settings=\"{&quot;_animation&quot;:&quot;fadeIn&quot;}\" data-widget_type=\"heading.default\">\n\t\t\t\t\t<h2 class=\"elementor-heading-title elementor-size-default\"><span style=\"font-weight:normal\"><h1 dir=\"ltr\" style=\"text-align: left;line-height: 1.38;margin-top: 20pt;margin-bottom: 4pt\"><span style=\"text-align: start;font-size: 26.6667px\"><font color=\"#000000\">Propri\u00e9t\u00e9 intellectuelle <\/font><\/span><span style=\"font-size: 40px;text-align: start\"><\/span><\/h1><\/span><\/h2>\t\t\t\t<\/div>\n\t\t\t\t<div class=\"elementor-element elementor-element-bc5f424 elementor-widget elementor-widget-text-editor\" data-id=\"bc5f424\" data-element_type=\"widget\" data-e-type=\"widget\" data-widget_type=\"text-editor.default\">\n\t\t\t\t\t\t\t\t\t<p data-start=\"997\" data-end=\"1142\">L\u2019ensemble du contenu du site (textes, images, graphismes, logo, etc.) est la propri\u00e9t\u00e9 exclusive de MDINNOV Consulting, sauf mention contraire.<\/p><p data-start=\"1144\" data-end=\"1251\">Toute reproduction, repr\u00e9sentation ou diffusion, m\u00eame partielle, est interdite sans autorisation pr\u00e9alable.<\/p>\t\t\t\t\t\t\t\t<\/div>\n\t\t\t\t<div class=\"elementor-element elementor-element-13ebd33 elementor-widget__width-initial elementor-invisible elementor-widget elementor-widget-heading\" data-id=\"13ebd33\" data-element_type=\"widget\" data-e-type=\"widget\" data-settings=\"{&quot;_animation&quot;:&quot;fadeIn&quot;}\" data-widget_type=\"heading.default\">\n\t\t\t\t\t<h2 class=\"elementor-heading-title elementor-size-default\"><span style=\"font-weight:normal\"><h1 dir=\"ltr\" style=\"text-align: left;line-height: 1.38;margin-top: 20pt;margin-bottom: 4pt\"><span style=\"text-align: start;font-size: 26.6667px\"><font color=\"#000000\">Responsabilit\u00e9 <\/font><\/span><span style=\"font-size: 40px;text-align: start\"><\/span><\/h1><\/span><\/h2>\t\t\t\t<\/div>\n\t\t\t\t<div class=\"elementor-element elementor-element-16aa743 elementor-widget elementor-widget-text-editor\" data-id=\"16aa743\" data-element_type=\"widget\" data-e-type=\"widget\" data-widget_type=\"text-editor.default\">\n\t\t\t\t\t\t\t\t\t<p data-start=\"1278\" data-end=\"1389\">Les informations diffus\u00e9es sur ce site sont fournies \u00e0 titre indicatif et peuvent \u00eatre modifi\u00e9es \u00e0 tout moment.<\/p><p data-start=\"1391\" data-end=\"1521\">L\u2019\u00e9diteur ne saurait \u00eatre tenu responsable des erreurs ou omissions, ni de l\u2019utilisation qui pourrait \u00eatre faite des informations.<\/p>\t\t\t\t\t\t\t\t<\/div>\n\t\t\t\t<div class=\"elementor-element elementor-element-53365f8 elementor-widget__width-initial elementor-invisible elementor-widget elementor-widget-heading\" data-id=\"53365f8\" data-element_type=\"widget\" data-e-type=\"widget\" data-settings=\"{&quot;_animation&quot;:&quot;fadeIn&quot;}\" data-widget_type=\"heading.default\">\n\t\t\t\t\t<h2 class=\"elementor-heading-title elementor-size-default\"><span style=\"font-weight:normal\"><h1 dir=\"ltr\" style=\"text-align: left;line-height: 1.38;margin-top: 20pt;margin-bottom: 4pt\"><span style=\"text-align: start;font-size: 26.6667px\"><font color=\"#000000\">Donn\u00e9es personnelles <\/font><\/span><span style=\"font-size: 40px;text-align: start\"><\/span><\/h1><\/span><\/h2>\t\t\t\t<\/div>\n\t\t\t\t<div class=\"elementor-element elementor-element-c69dde8 elementor-widget elementor-widget-text-editor\" data-id=\"c69dde8\" data-element_type=\"widget\" data-e-type=\"widget\" data-widget_type=\"text-editor.default\">\n\t\t\t\t\t\t\t\t\t<p data-start=\"1554\" data-end=\"1664\">Les donn\u00e9es collect\u00e9es via les formulaires sont utilis\u00e9es uniquement dans le cadre de la relation commerciale.<\/p><p data-start=\"1666\" data-end=\"1772\">Conform\u00e9ment au RGPD, vous disposez d\u2019un droit d\u2019acc\u00e8s, de rectification et de suppression de vos donn\u00e9es.<\/p><p data-start=\"1774\" data-end=\"1802\">Pour toute demande : mathildedubois.digitalpro@gmail.com<\/p>\t\t\t\t\t\t\t\t<\/div>\n\t\t\t\t<div class=\"elementor-element elementor-element-574794f elementor-widget__width-initial elementor-invisible elementor-widget elementor-widget-heading\" data-id=\"574794f\" data-element_type=\"widget\" data-e-type=\"widget\" data-settings=\"{&quot;_animation&quot;:&quot;fadeIn&quot;}\" data-widget_type=\"heading.default\">\n\t\t\t\t\t<h2 class=\"elementor-heading-title elementor-size-default\"><span style=\"font-weight:normal\"><h1 dir=\"ltr\" style=\"text-align: left;line-height: 1.38;margin-top: 20pt;margin-bottom: 4pt\"><span style=\"text-align: start;font-size: 26.6667px\"><font color=\"#000000\">Cookies<\/font><\/span><span style=\"font-size: 40px;text-align: start\"><\/span><\/h1><\/span><\/h2>\t\t\t\t<\/div>\n\t\t\t\t<div class=\"elementor-element elementor-element-d835b2b elementor-widget elementor-widget-text-editor\" data-id=\"d835b2b\" data-element_type=\"widget\" data-e-type=\"widget\" data-widget_type=\"text-editor.default\">\n\t\t\t\t\t\t\t\t\t<p data-start=\"1822\" data-end=\"1934\">Le site peut utiliser des cookies \u00e0 des fins de mesure d\u2019audience ou d\u2019am\u00e9lioration de l\u2019exp\u00e9rience utilisateur.<\/p><p data-start=\"1936\" data-end=\"2001\">Vous pouvez configurer votre navigateur pour refuser les cookies.<\/p>\t\t\t\t\t\t\t\t<\/div>\n\t\t\t\t<div class=\"elementor-element elementor-element-455a3d2 elementor-widget elementor-widget-spacer\" data-id=\"455a3d2\" data-element_type=\"widget\" data-e-type=\"widget\" data-widget_type=\"spacer.default\">\n\t\t\t\t\t\t\t<div class=\"elementor-spacer\">\n\t\t\t<div class=\"elementor-spacer-inner\"><\/div>\n\t\t<\/div>\n\t\t\t\t\t\t<\/div>\n\t\t\t\t\t<\/div>\n\t\t\t\t<\/div>\n\t\t\t\t<\/div>\n\t\t","protected":false},"excerpt":{"rendered":"<p>Mentions l\u00e9gales \u00c9diteur du site Le pr\u00e9sent site est \u00e9dit\u00e9 par : Nom commercial : MDINNOV Consulting\u00a0 Statut juridique : [&hellip;]<\/p>\n","protected":false},"author":1,"featured_media":0,"parent":0,"menu_order":0,"comment_status":"closed","ping_status":"closed","template":"","meta":{"site-sidebar-layout":"no-sidebar","site-content-layout":"","ast-site-content-layout":"full-width-container","site-content-style":"default","site-sidebar-style":"default","ast-global-header-display":"","ast-banner-title-visibility":"","ast-main-header-display":"","ast-hfb-above-header-display":"","ast-hfb-below-header-display":"","ast-hfb-mobile-header-display":"","site-post-title":"disabled","ast-breadcrumbs-content":"","ast-featured-img":"disabled","footer-sml-layout":"","ast-disable-related-posts":"","theme-transparent-header-meta":"","adv-header-id-meta":"","stick-header-meta":"","header-above-stick-meta":"","header-main-stick-meta":"","header-below-stick-meta":"","astra-migrate-meta-layouts":"default","ast-page-background-enabled":"default","ast-page-background-meta":{"desktop":{"background-color":"var(--ast-global-color-5)","background-image":"","background-repeat":"repeat","background-position":"center center","background-size":"auto","background-attachment":"scroll","background-type":"","background-media":"","overlay-type":"","overlay-color":"","overlay-opacity":"","overlay-gradient":""},"tablet":{"background-color":"","background-image":"","background-repeat":"repeat","background-position":"center center","background-size":"auto","background-attachment":"scroll","background-type":"","background-media":"","overlay-type":"","overlay-color":"","overlay-opacity":"","overlay-gradient":""},"mobile":{"background-color":"","background-image":"","background-repeat":"repeat","background-position":"center center","background-size":"auto","background-attachment":"scroll","background-type":"","background-media":"","overlay-type":"","overlay-color":"","overlay-opacity":"","overlay-gradient":""}},"ast-content-background-meta":{"desktop":{"background-color":"var(--ast-global-color-4)","background-image":"","background-repeat":"repeat","background-position":"center center","background-size":"auto","background-attachment":"scroll","background-type":"","background-media":"","overlay-type":"","overlay-color":"","overlay-opacity":"","overlay-gradient":""},"tablet":{"background-color":"var(--ast-global-color-4)","background-image":"","background-repeat":"repeat","background-position":"center center","background-size":"auto","background-attachment":"scroll","background-type":"","background-media":"","overlay-type":"","overlay-color":"","overlay-opacity":"","overlay-gradient":""},"mobile":{"background-color":"var(--ast-global-color-4)","background-image":"","background-repeat":"repeat","background-position":"center center","background-size":"auto","background-attachment":"scroll","background-type":"","background-media":"","overlay-type":"","overlay-color":"","overlay-opacity":"","overlay-gradient":""}},"footnotes":""},"class_list":["post-337","page","type-page","status-publish","hentry"],"yoast_head":"<!-- This site is optimized with the Yoast SEO plugin v27.3 - https:\/\/yoast.com\/product\/yoast-seo-wordpress\/ -->\n<title>Mentions l\u00e9gales - MDINNOV Consulting<\/title>\n<meta name=\"robots\" content=\"index, follow, max-snippet:-1, max-image-preview:large, max-video-preview:-1\" \/>\n<link rel=\"canonical\" href=\"https:\/\/mdinnovconsulting.com\/index.php\/mentions-legales\/\" \/>\n<meta property=\"og:locale\" content=\"fr_FR\" \/>\n<meta property=\"og:type\" content=\"article\" \/>\n<meta property=\"og:title\" content=\"Mentions l\u00e9gales - MDINNOV Consulting\" \/>\n<meta property=\"og:description\" content=\"Mentions l\u00e9gales \u00c9diteur du site Le pr\u00e9sent site est \u00e9dit\u00e9 par : Nom commercial : MDINNOV Consulting\u00a0 Statut juridique : [&hellip;]\" \/>\n<meta property=\"og:url\" content=\"https:\/\/mdinnovconsulting.com\/index.php\/mentions-legales\/\" \/>\n<meta property=\"og:site_name\" content=\"MDINNOV Consulting\" \/>\n<meta property=\"article:modified_time\" content=\"2026-03-30T16:11:49+00:00\" \/>\n<meta name=\"twitter:card\" content=\"summary_large_image\" \/>\n<meta name=\"twitter:label1\" content=\"Dur\u00e9e de lecture estim\u00e9e\" \/>\n\t<meta name=\"twitter:data1\" content=\"2 minutes\" \/>\n<script type=\"application\/ld+json\" class=\"yoast-schema-graph\">{\"@context\":\"https:\\\/\\\/schema.org\",\"@graph\":[{\"@type\":\"WebPage\",\"@id\":\"https:\\\/\\\/mdinnovconsulting.com\\\/index.php\\\/mentions-legales\\\/\",\"url\":\"https:\\\/\\\/mdinnovconsulting.com\\\/index.php\\\/mentions-legales\\\/\",\"name\":\"Mentions l\u00e9gales - MDINNOV Consulting\",\"isPartOf\":{\"@id\":\"http:\\\/\\\/mdinnovconsulting.com\\\/#website\"},\"datePublished\":\"2026-03-03T14:04:24+00:00\",\"dateModified\":\"2026-03-30T16:11:49+00:00\",\"breadcrumb\":{\"@id\":\"https:\\\/\\\/mdinnovconsulting.com\\\/index.php\\\/mentions-legales\\\/#breadcrumb\"},\"inLanguage\":\"fr-FR\",\"potentialAction\":[{\"@type\":\"ReadAction\",\"target\":[\"https:\\\/\\\/mdinnovconsulting.com\\\/index.php\\\/mentions-legales\\\/\"]}]},{\"@type\":\"BreadcrumbList\",\"@id\":\"https:\\\/\\\/mdinnovconsulting.com\\\/index.php\\\/mentions-legales\\\/#breadcrumb\",\"itemListElement\":[{\"@type\":\"ListItem\",\"position\":1,\"name\":\"Accueil\",\"item\":\"http:\\\/\\\/mdinnovconsulting.com\\\/\"},{\"@type\":\"ListItem\",\"position\":2,\"name\":\"Mentions l\u00e9gales\"}]},{\"@type\":\"WebSite\",\"@id\":\"http:\\\/\\\/mdinnovconsulting.com\\\/#website\",\"url\":\"http:\\\/\\\/mdinnovconsulting.com\\\/\",\"name\":\"MDINNOV Consulting\",\"description\":\"Making change last.\",\"publisher\":{\"@id\":\"http:\\\/\\\/mdinnovconsulting.com\\\/#organization\"},\"potentialAction\":[{\"@type\":\"SearchAction\",\"target\":{\"@type\":\"EntryPoint\",\"urlTemplate\":\"http:\\\/\\\/mdinnovconsulting.com\\\/?s={search_term_string}\"},\"query-input\":{\"@type\":\"PropertyValueSpecification\",\"valueRequired\":true,\"valueName\":\"search_term_string\"}}],\"inLanguage\":\"fr-FR\"},{\"@type\":\"Organization\",\"@id\":\"http:\\\/\\\/mdinnovconsulting.com\\\/#organization\",\"name\":\"MDINNOV Consulting\",\"url\":\"http:\\\/\\\/mdinnovconsulting.com\\\/\",\"logo\":{\"@type\":\"ImageObject\",\"inLanguage\":\"fr-FR\",\"@id\":\"http:\\\/\\\/mdinnovconsulting.com\\\/#\\\/schema\\\/logo\\\/image\\\/\",\"url\":\"https:\\\/\\\/mdinnovconsulting.com\\\/wp-content\\\/uploads\\\/2026\\\/02\\\/2.png\",\"contentUrl\":\"https:\\\/\\\/mdinnovconsulting.com\\\/wp-content\\\/uploads\\\/2026\\\/02\\\/2.png\",\"width\":500,\"height\":500,\"caption\":\"MDINNOV Consulting\"},\"image\":{\"@id\":\"http:\\\/\\\/mdinnovconsulting.com\\\/#\\\/schema\\\/logo\\\/image\\\/\"}}]}<\/script>\n<!-- \/ Yoast SEO plugin. -->","yoast_head_json":{"title":"Mentions l\u00e9gales - MDINNOV Consulting","robots":{"index":"index","follow":"follow","max-snippet":"max-snippet:-1","max-image-preview":"max-image-preview:large","max-video-preview":"max-video-preview:-1"},"canonical":"https:\/\/mdinnovconsulting.com\/index.php\/mentions-legales\/","og_locale":"fr_FR","og_type":"article","og_title":"Mentions l\u00e9gales - MDINNOV Consulting","og_description":"Mentions l\u00e9gales \u00c9diteur du site Le pr\u00e9sent site est \u00e9dit\u00e9 par : Nom commercial : MDINNOV Consulting\u00a0 Statut juridique : [&hellip;]","og_url":"https:\/\/mdinnovconsulting.com\/index.php\/mentions-legales\/","og_site_name":"MDINNOV Consulting","article_modified_time":"2026-03-30T16:11:49+00:00","twitter_card":"summary_large_image","twitter_misc":{"Dur\u00e9e de lecture estim\u00e9e":"2 minutes"},"schema":{"@context":"https:\/\/schema.org","@graph":[{"@type":"WebPage","@id":"https:\/\/mdinnovconsulting.com\/index.php\/mentions-legales\/","url":"https:\/\/mdinnovconsulting.com\/index.php\/mentions-legales\/","name":"Mentions l\u00e9gales - MDINNOV Consulting","isPartOf":{"@id":"http:\/\/mdinnovconsulting.com\/#website"},"datePublished":"2026-03-03T14:04:24+00:00","dateModified":"2026-03-30T16:11:49+00:00","breadcrumb":{"@id":"https:\/\/mdinnovconsulting.com\/index.php\/mentions-legales\/#breadcrumb"},"inLanguage":"fr-FR","potentialAction":[{"@type":"ReadAction","target":["https:\/\/mdinnovconsulting.com\/index.php\/mentions-legales\/"]}]},{"@type":"BreadcrumbList","@id":"https:\/\/mdinnovconsulting.com\/index.php\/mentions-legales\/#breadcrumb","itemListElement":[{"@type":"ListItem","position":1,"name":"Accueil","item":"http:\/\/mdinnovconsulting.com\/"},{"@type":"ListItem","position":2,"name":"Mentions l\u00e9gales"}]},{"@type":"WebSite","@id":"http:\/\/mdinnovconsulting.com\/#website","url":"http:\/\/mdinnovconsulting.com\/","name":"MDINNOV Consulting","description":"Making change last.","publisher":{"@id":"http:\/\/mdinnovconsulting.com\/#organization"},"potentialAction":[{"@type":"SearchAction","target":{"@type":"EntryPoint","urlTemplate":"http:\/\/mdinnovconsulting.com\/?s={search_term_string}"},"query-input":{"@type":"PropertyValueSpecification","valueRequired":true,"valueName":"search_term_string"}}],"inLanguage":"fr-FR"},{"@type":"Organization","@id":"http:\/\/mdinnovconsulting.com\/#organization","name":"MDINNOV Consulting","url":"http:\/\/mdinnovconsulting.com\/","logo":{"@type":"ImageObject","inLanguage":"fr-FR","@id":"http:\/\/mdinnovconsulting.com\/#\/schema\/logo\/image\/","url":"https:\/\/mdinnovconsulting.com\/wp-content\/uploads\/2026\/02\/2.png","contentUrl":"https:\/\/mdinnovconsulting.com\/wp-content\/uploads\/2026\/02\/2.png","width":500,"height":500,"caption":"MDINNOV Consulting"},"image":{"@id":"http:\/\/mdinnovconsulting.com\/#\/schema\/logo\/image\/"}}]}},"_links":{"self":[{"href":"https:\/\/mdinnovconsulting.com\/index.php\/wp-json\/wp\/v2\/pages\/337","targetHints":{"allow":["GET"]}}],"collection":[{"href":"https:\/\/mdinnovconsulting.com\/index.php\/wp-json\/wp\/v2\/pages"}],"about":[{"href":"https:\/\/mdinnovconsulting.com\/index.php\/wp-json\/wp\/v2\/types\/page"}],"author":[{"embeddable":true,"href":"https:\/\/mdinnovconsulting.com\/index.php\/wp-json\/wp\/v2\/users\/1"}],"replies":[{"embeddable":true,"href":"https:\/\/mdinnovconsulting.com\/index.php\/wp-json\/wp\/v2\/comments?post=337"}],"version-history":[{"count":26,"href":"https:\/\/mdinnovconsulting.com\/index.php\/wp-json\/wp\/v2\/pages\/337\/revisions"}],"predecessor-version":[{"id":1142,"href":"https:\/\/mdinnovconsulting.com\/index.php\/wp-json\/wp\/v2\/pages\/337\/revisions\/1142"}],"wp:attachment":[{"href":"https:\/\/mdinnovconsulting.com\/index.php\/wp-json\/wp\/v2\/media?parent=337"}],"curies":[{"name":"wp","href":"https:\/\/api.w.org\/{rel}","templated":true}]}}