{"id":476,"date":"2026-03-13T14:33:16","date_gmt":"2026-03-13T14:33:16","guid":{"rendered":"https:\/\/mdinnovconsulting.com\/?page_id=476"},"modified":"2026-03-23T10:35:47","modified_gmt":"2026-03-23T10:35:47","slug":"qui-suis-je","status":"publish","type":"page","link":"https:\/\/mdinnovconsulting.com\/index.php\/qui-suis-je\/","title":{"rendered":"Qui suis-je ?"},"content":{"rendered":"\t\t<div data-elementor-type=\"wp-page\" data-elementor-id=\"476\" class=\"elementor elementor-476\">\n\t\t\t\t<div class=\"elementor-element elementor-element-39d3776 e-flex e-con-boxed e-con e-parent\" data-id=\"39d3776\" data-element_type=\"container\" data-e-type=\"container\">\n\t\t\t\t\t<div class=\"e-con-inner\">\n\t\t<div class=\"elementor-element elementor-element-f6cbf78 e-con-full e-flex e-con e-child\" data-id=\"f6cbf78\" data-element_type=\"container\" data-e-type=\"container\">\n\t\t\t\t<div class=\"elementor-element elementor-element-aec4691 elementor-widget elementor-widget-spacer\" data-id=\"aec4691\" data-element_type=\"widget\" data-e-type=\"widget\" data-widget_type=\"spacer.default\">\n\t\t\t\t\t\t\t<div class=\"elementor-spacer\">\n\t\t\t<div class=\"elementor-spacer-inner\"><\/div>\n\t\t<\/div>\n\t\t\t\t\t\t<\/div>\n\t\t\t\t<div class=\"elementor-element elementor-element-1ca463f elementor-widget elementor-widget-image\" data-id=\"1ca463f\" data-element_type=\"widget\" data-e-type=\"widget\" data-widget_type=\"image.default\">\n\t\t\t\t\t\t\t\t\t\t\t\t\t\t\t<img fetchpriority=\"high\" decoding=\"async\" width=\"800\" height=\"800\" src=\"http:\/\/mdinnovconsulting.com\/wp-content\/uploads\/2026\/02\/Design-sans-titre-2.png\" class=\"attachment-large size-large wp-image-288\" alt=\"\" srcset=\"http:\/\/mdinnovconsulting.com\/wp-content\/uploads\/2026\/02\/Design-sans-titre-2.png 800w, http:\/\/mdinnovconsulting.com\/wp-content\/uploads\/2026\/02\/Design-sans-titre-2-300x300.png 300w, http:\/\/mdinnovconsulting.com\/wp-content\/uploads\/2026\/02\/Design-sans-titre-2-150x150.png 150w, http:\/\/mdinnovconsulting.com\/wp-content\/uploads\/2026\/02\/Design-sans-titre-2-768x768.png 768w\" sizes=\"(max-width: 800px) 100vw, 800px\" \/>\t\t\t\t\t\t\t\t\t\t\t\t\t\t\t<\/div>\n\t\t<div class=\"elementor-element elementor-element-32ba02a e-con-full e-flex e-con e-child\" data-id=\"32ba02a\" data-element_type=\"container\" data-e-type=\"container\">\n\t\t\t\t<\/div>\n\t\t\t\t<\/div>\n\t\t<div class=\"elementor-element elementor-element-7985a06 e-con-full e-flex e-con e-child\" data-id=\"7985a06\" data-element_type=\"container\" data-e-type=\"container\" data-settings=\"{&quot;background_background&quot;:&quot;classic&quot;}\">\n\t\t\t\t<div class=\"elementor-element elementor-element-9697191 elementor-widget elementor-widget-text-editor\" data-id=\"9697191\" data-element_type=\"widget\" data-e-type=\"widget\" data-widget_type=\"text-editor.default\">\n\t\t\t\t\t\t\t\t\t<p data-start=\"443\" data-end=\"631\"><span style=\"font-style: inherit; font-weight: inherit;\">Je suis <\/span><strong style=\"font-style: inherit;\" data-start=\"334\" data-end=\"353\">Mathilde Dubois<\/strong><span style=\"font-style: inherit; font-weight: inherit;\">, consultante ind\u00e9pendante en <\/span><strong style=\"font-style: inherit;\" data-start=\"383\" data-end=\"440\">gestion de projet et transformation organisationnelle<\/strong><span style=\"font-style: inherit; font-weight: inherit;\">.<\/span><\/p><p data-start=\"443\" data-end=\"631\">J\u2019accompagne les entreprises \u2013 <strong data-start=\"474\" data-end=\"529\">start-up, PME et ETI du num\u00e9rique et de l\u2019industrie<\/strong> \u2013 \u00e0 structurer leurs projets, am\u00e9liorer leurs m\u00e9thodes de travail et s\u00e9curiser leurs transformations.<\/p><p data-start=\"633\" data-end=\"957\">Au fil de mes exp\u00e9riences, j\u2019ai d\u00e9velopp\u00e9 une expertise en <strong data-start=\"692\" data-end=\"808\">pilotage de projets complexes, structuration des organisations et mise en place de m\u00e9thodes de travail efficaces<\/strong>.\u00a0<\/p><p data-start=\"633\" data-end=\"957\">Mon r\u00f4le est d\u2019apporter de la <strong data-start=\"840\" data-end=\"884\">clart\u00e9, de la m\u00e9thode et de la structure<\/strong> l\u00e0 o\u00f9 les projets deviennent difficiles \u00e0 coordonner ou \u00e0 faire avancer.<\/p><p data-start=\"959\" data-end=\"1232\">Mais pour moi, un projet n\u2019est jamais seulement une question d\u2019outils ou de processus. Il repose avant tout sur <strong data-start=\"1071\" data-end=\"1101\">les \u00e9quipes qui le portent<\/strong>. C\u2019est pourquoi j\u2019accorde une place essentielle \u00e0 la <strong data-start=\"1155\" data-end=\"1231\">dimension humaine : communication, collaboration et adh\u00e9sion des \u00e9quipes<\/strong>.<\/p>\t\t\t\t\t\t\t\t<\/div>\n\t\t\t\t<\/div>\n\t\t\t\t\t<\/div>\n\t\t\t\t<\/div>\n\t\t<div class=\"elementor-element elementor-element-ef816ec e-flex e-con-boxed e-con e-parent\" data-id=\"ef816ec\" data-element_type=\"container\" data-e-type=\"container\">\n\t\t\t\t\t<div class=\"e-con-inner\">\n\t\t\t\t<div class=\"elementor-element elementor-element-70aac95 elementor-widget elementor-widget-spacer\" data-id=\"70aac95\" data-element_type=\"widget\" data-e-type=\"widget\" data-widget_type=\"spacer.default\">\n\t\t\t\t\t\t\t<div class=\"elementor-spacer\">\n\t\t\t<div class=\"elementor-spacer-inner\"><\/div>\n\t\t<\/div>\n\t\t\t\t\t\t<\/div>\n\t\t\t\t<div class=\"elementor-element elementor-element-6f84b26 elementor-view-default elementor-position-block-start elementor-mobile-position-block-start elementor-invisible elementor-widget elementor-widget-icon-box\" data-id=\"6f84b26\" data-element_type=\"widget\" data-e-type=\"widget\" data-settings=\"{&quot;_animation&quot;:&quot;bounceInDown&quot;}\" data-widget_type=\"icon-box.default\">\n\t\t\t\t\t\t\t<div class=\"elementor-icon-box-wrapper\">\n\n\t\t\t\t\t\t<div class=\"elementor-icon-box-icon\">\n\t\t\t\t<span  class=\"elementor-icon\">\n\t\t\t\t<svg aria-hidden=\"true\" class=\"e-font-icon-svg e-fas-map-marker-alt\" viewBox=\"0 0 384 512\" xmlns=\"http:\/\/www.w3.org\/2000\/svg\"><path d=\"M172.268 501.67C26.97 291.031 0 269.413 0 192 0 85.961 85.961 0 192 0s192 85.961 192 192c0 77.413-26.97 99.031-172.268 309.67-9.535 13.774-29.93 13.773-39.464 0zM192 272c44.183 0 80-35.817 80-80s-35.817-80-80-80-80 35.817-80 80 35.817 80 80 80z\"><\/path><\/svg>\t\t\t\t<\/span>\n\t\t\t<\/div>\n\t\t\t\n\t\t\t\t\t\t<div class=\"elementor-icon-box-content\">\n\n\t\t\t\t\t\t\t\t\t<h3 class=\"elementor-icon-box-title\">\n\t\t\t\t\t\t<span  >\n\t\t\t\t\t\t\tToulouse\t\t\t\t\t\t<\/span>\n\t\t\t\t\t<\/h3>\n\t\t\t\t\n\t\t\t\t\t\t\t\t\t<p class=\"elementor-icon-box-description\">\n\t\t\t\t\t\t<b><i> Prestation hybride<\/i><\/b><i>,<\/i> \u00e0 distance et d\u00e9placements sur site client<br><i>Les d\u00e9placements sont \u00e0 d\u00e9terminer en fonction du besoin projet, en accord entre le prestataire et le client.<\/i>\t\t\t\t\t<\/p>\n\t\t\t\t\n\t\t\t<\/div>\n\t\t\t\n\t\t<\/div>\n\t\t\t\t\t\t<\/div>\n\t\t\t\t\t<\/div>\n\t\t\t\t<\/div>\n\t\t<div class=\"elementor-element elementor-element-421add8 e-flex e-con-boxed e-con e-parent\" data-id=\"421add8\" data-element_type=\"container\" data-e-type=\"container\">\n\t\t\t\t\t<div class=\"e-con-inner\">\n\t\t\t\t<div class=\"elementor-element elementor-element-4bb7b45 elementor-widget elementor-widget-spacer\" data-id=\"4bb7b45\" data-element_type=\"widget\" data-e-type=\"widget\" data-widget_type=\"spacer.default\">\n\t\t\t\t\t\t\t<div class=\"elementor-spacer\">\n\t\t\t<div class=\"elementor-spacer-inner\"><\/div>\n\t\t<\/div>\n\t\t\t\t\t\t<\/div>\n\t\t\t\t<div class=\"elementor-element elementor-element-b9b7e9c elementor-widget elementor-widget-heading\" data-id=\"b9b7e9c\" data-element_type=\"widget\" data-e-type=\"widget\" data-widget_type=\"heading.default\">\n\t\t\t\t\t<h2 class=\"elementor-heading-title elementor-size-default\">Les secteurs pratiqu\u00e9s <\/h2>\t\t\t\t<\/div>\n\t\t\t\t<div class=\"elementor-element elementor-element-c57dead elementor-widget elementor-widget-spacer\" data-id=\"c57dead\" data-element_type=\"widget\" data-e-type=\"widget\" data-widget_type=\"spacer.default\">\n\t\t\t\t\t\t\t<div class=\"elementor-spacer\">\n\t\t\t<div class=\"elementor-spacer-inner\"><\/div>\n\t\t<\/div>\n\t\t\t\t\t\t<\/div>\n\t\t\t\t<div class=\"elementor-element elementor-element-a861801 elementor-arrows-position-inside elementor-pagination-position-outside elementor-widget elementor-widget-image-carousel\" data-id=\"a861801\" data-element_type=\"widget\" data-e-type=\"widget\" data-settings=\"{&quot;navigation&quot;:&quot;both&quot;,&quot;autoplay&quot;:&quot;yes&quot;,&quot;pause_on_hover&quot;:&quot;yes&quot;,&quot;pause_on_interaction&quot;:&quot;yes&quot;,&quot;autoplay_speed&quot;:5000,&quot;infinite&quot;:&quot;yes&quot;,&quot;speed&quot;:500}\" data-widget_type=\"image-carousel.default\">\n\t\t\t\t\t\t\t<div class=\"elementor-image-carousel-wrapper swiper\" role=\"region\" aria-roledescription=\"carousel\" aria-label=\"Carrousel d\u2019images\" dir=\"ltr\">\n\t\t\t<div class=\"elementor-image-carousel swiper-wrapper\" aria-live=\"off\">\n\t\t\t\t\t\t\t\t<div class=\"swiper-slide\" role=\"group\" aria-roledescription=\"slide\" aria-label=\"1 sur 3\"><figure class=\"swiper-slide-inner\"><img decoding=\"async\" class=\"swiper-slide-image\" src=\"http:\/\/mdinnovconsulting.com\/wp-content\/uploads\/2026\/03\/alvan-nee-T-0EW-SEbsE-unsplash-768x513.jpg\" alt=\"Pet Care\" \/><figcaption class=\"elementor-image-carousel-caption\">Pet Care <\/figcaption><\/figure><\/div><div class=\"swiper-slide\" role=\"group\" aria-roledescription=\"slide\" aria-label=\"2 sur 3\"><figure class=\"swiper-slide-inner\"><img decoding=\"async\" class=\"swiper-slide-image\" src=\"http:\/\/mdinnovconsulting.com\/wp-content\/uploads\/2026\/03\/azamat-e-eb1cgnNIazI-unsplash-768x512.jpg\" alt=\"D\u00e9veloppement application\" \/><figcaption class=\"elementor-image-carousel-caption\">D\u00e9veloppement application <\/figcaption><\/figure><\/div><div class=\"swiper-slide\" role=\"group\" aria-roledescription=\"slide\" aria-label=\"3 sur 3\"><figure class=\"swiper-slide-inner\"><img decoding=\"async\" class=\"swiper-slide-image\" src=\"http:\/\/mdinnovconsulting.com\/wp-content\/uploads\/2026\/03\/artturi-jalli-Su1gc1A63xE-unsplash-768x512.jpg\" alt=\"A\u00e9ronautique\" \/><figcaption class=\"elementor-image-carousel-caption\">A\u00e9ronautique<\/figcaption><\/figure><\/div>\t\t\t<\/div>\n\t\t\t\t\t\t\t\t\t\t\t\t<div class=\"elementor-swiper-button elementor-swiper-button-prev\" role=\"button\" tabindex=\"0\">\n\t\t\t\t\t\t<svg aria-hidden=\"true\" class=\"e-font-icon-svg e-eicon-chevron-left\" viewBox=\"0 0 1000 1000\" xmlns=\"http:\/\/www.w3.org\/2000\/svg\"><path d=\"M646 125C629 125 613 133 604 142L308 442C296 454 292 471 292 487 292 504 296 521 308 533L604 854C617 867 629 875 646 875 663 875 679 871 692 858 704 846 713 829 713 812 713 796 708 779 692 767L438 487 692 225C700 217 708 204 708 187 708 171 704 154 692 142 675 129 663 125 646 125Z\"><\/path><\/svg>\t\t\t\t\t<\/div>\n\t\t\t\t\t<div class=\"elementor-swiper-button elementor-swiper-button-next\" role=\"button\" tabindex=\"0\">\n\t\t\t\t\t\t<svg aria-hidden=\"true\" class=\"e-font-icon-svg e-eicon-chevron-right\" viewBox=\"0 0 1000 1000\" xmlns=\"http:\/\/www.w3.org\/2000\/svg\"><path d=\"M696 533C708 521 713 504 713 487 713 471 708 454 696 446L400 146C388 133 375 125 354 125 338 125 325 129 313 142 300 154 292 171 292 187 292 204 296 221 308 233L563 492 304 771C292 783 288 800 288 817 288 833 296 850 308 863 321 871 338 875 354 875 371 875 388 867 400 854L696 533Z\"><\/path><\/svg>\t\t\t\t\t<\/div>\n\t\t\t\t\n\t\t\t\t\t\t\t\t\t<div class=\"swiper-pagination\"><\/div>\n\t\t\t\t\t\t\t\t\t<\/div>\n\t\t\t\t\t\t<\/div>\n\t\t\t\t\t<\/div>\n\t\t\t\t<\/div>\n\t\t<div class=\"elementor-element elementor-element-dd423d2 e-flex e-con-boxed e-con e-parent\" data-id=\"dd423d2\" data-element_type=\"container\" data-e-type=\"container\">\n\t\t\t\t\t<div class=\"e-con-inner\">\n\t\t\t\t<div class=\"elementor-element elementor-element-631c2e8 elementor-widget elementor-widget-spacer\" data-id=\"631c2e8\" data-element_type=\"widget\" data-e-type=\"widget\" data-widget_type=\"spacer.default\">\n\t\t\t\t\t\t\t<div class=\"elementor-spacer\">\n\t\t\t<div class=\"elementor-spacer-inner\"><\/div>\n\t\t<\/div>\n\t\t\t\t\t\t<\/div>\n\t\t\t\t<div class=\"elementor-element elementor-element-6c5264d elementor-widget-divider--view-line_text elementor-widget-divider--element-align-center elementor-widget elementor-widget-divider\" data-id=\"6c5264d\" data-element_type=\"widget\" data-e-type=\"widget\" data-widget_type=\"divider.default\">\n\t\t\t\t\t\t\t<div class=\"elementor-divider\">\n\t\t\t<span class=\"elementor-divider-separator\">\n\t\t\t\t\t\t\t<span class=\"elementor-divider__text elementor-divider__element\">\n\t\t\t\tPour en savoir plus, je vous invite \u00e0 faire un tour sur ma page LinkedIn\t\t\t\t<\/span>\n\t\t\t\t\t\t<\/span>\n\t\t<\/div>\n\t\t\t\t\t\t<\/div>\n\t\t\t\t<div class=\"elementor-element elementor-element-efe5344 elementor-shape-rounded elementor-grid-0 e-grid-align-center elementor-widget elementor-widget-social-icons\" data-id=\"efe5344\" data-element_type=\"widget\" data-e-type=\"widget\" data-widget_type=\"social-icons.default\">\n\t\t\t\t\t\t\t<div class=\"elementor-social-icons-wrapper elementor-grid\">\n\t\t\t\t\t\t\t<span class=\"elementor-grid-item\">\n\t\t\t\t\t<a class=\"elementor-icon elementor-social-icon elementor-social-icon-linkedin elementor-animation-pulse elementor-repeater-item-c018798\" href=\"https:\/\/www.linkedin.com\/in\/mathilde-dubois-00926615b\/\" target=\"_blank\">\n\t\t\t\t\t\t<span class=\"elementor-screen-only\">Linkedin<\/span>\n\t\t\t\t\t\t<svg aria-hidden=\"true\" class=\"e-font-icon-svg e-fab-linkedin\" viewBox=\"0 0 448 512\" xmlns=\"http:\/\/www.w3.org\/2000\/svg\"><path d=\"M416 32H31.9C14.3 32 0 46.5 0 64.3v383.4C0 465.5 14.3 480 31.9 480H416c17.6 0 32-14.5 32-32.3V64.3c0-17.8-14.4-32.3-32-32.3zM135.4 416H69V202.2h66.5V416zm-33.2-243c-21.3 0-38.5-17.3-38.5-38.5S80.9 96 102.2 96c21.2 0 38.5 17.3 38.5 38.5 0 21.3-17.2 38.5-38.5 38.5zm282.1 243h-66.4V312c0-24.8-.5-56.7-34.5-56.7-34.6 0-39.9 27-39.9 54.9V416h-66.4V202.2h63.7v29.2h.9c8.9-16.8 30.6-34.5 62.9-34.5 67.2 0 79.7 44.3 79.7 101.9V416z\"><\/path><\/svg>\t\t\t\t\t<\/a>\n\t\t\t\t<\/span>\n\t\t\t\t\t<\/div>\n\t\t\t\t\t\t<\/div>\n\t\t\t\t\t<\/div>\n\t\t\t\t<\/div>\n\t\t<div class=\"elementor-element elementor-element-efa5fab e-flex e-con-boxed e-con e-parent\" data-id=\"efa5fab\" data-element_type=\"container\" data-e-type=\"container\">\n\t\t\t\t\t<div class=\"e-con-inner\">\n\t\t\t\t<div class=\"elementor-element elementor-element-e75092d elementor-widget elementor-widget-spacer\" data-id=\"e75092d\" data-element_type=\"widget\" data-e-type=\"widget\" data-widget_type=\"spacer.default\">\n\t\t\t\t\t\t\t<div class=\"elementor-spacer\">\n\t\t\t<div class=\"elementor-spacer-inner\"><\/div>\n\t\t<\/div>\n\t\t\t\t\t\t<\/div>\n\t\t\t\t\t<\/div>\n\t\t\t\t<\/div>\n\t\t\t\t<\/div>\n\t\t","protected":false},"excerpt":{"rendered":"<p>Je suis Mathilde Dubois, consultante ind\u00e9pendante en gestion de projet et transformation organisationnelle. J\u2019accompagne les entreprises \u2013 start-up, PME et [&hellip;]<\/p>\n","protected":false},"author":1,"featured_media":0,"parent":0,"menu_order":0,"comment_status":"closed","ping_status":"closed","template":"","meta":{"site-sidebar-layout":"no-sidebar","site-content-layout":"","ast-site-content-layout":"full-width-container","site-content-style":"default","site-sidebar-style":"default","ast-global-header-display":"","ast-banner-title-visibility":"","ast-main-header-display":"","ast-hfb-above-header-display":"","ast-hfb-below-header-display":"","ast-hfb-mobile-header-display":"","site-post-title":"disabled","ast-breadcrumbs-content":"","ast-featured-img":"disabled","footer-sml-layout":"","ast-disable-related-posts":"","theme-transparent-header-meta":"","adv-header-id-meta":"","stick-header-meta":"","header-above-stick-meta":"","header-main-stick-meta":"","header-below-stick-meta":"","astra-migrate-meta-layouts":"default","ast-page-background-enabled":"default","ast-page-background-meta":{"desktop":{"background-color":"var(--ast-global-color-5)","background-image":"","background-repeat":"repeat","background-position":"center center","background-size":"auto","background-attachment":"scroll","background-type":"","background-media":"","overlay-type":"","overlay-color":"","overlay-opacity":"","overlay-gradient":""},"tablet":{"background-color":"","background-image":"","background-repeat":"repeat","background-position":"center center","background-size":"auto","background-attachment":"scroll","background-type":"","background-media":"","overlay-type":"","overlay-color":"","overlay-opacity":"","overlay-gradient":""},"mobile":{"background-color":"","background-image":"","background-repeat":"repeat","background-position":"center center","background-size":"auto","background-attachment":"scroll","background-type":"","background-media":"","overlay-type":"","overlay-color":"","overlay-opacity":"","overlay-gradient":""}},"ast-content-background-meta":{"desktop":{"background-color":"var(--ast-global-color-4)","background-image":"","background-repeat":"repeat","background-position":"center center","background-size":"auto","background-attachment":"scroll","background-type":"","background-media":"","overlay-type":"","overlay-color":"","overlay-opacity":"","overlay-gradient":""},"tablet":{"background-color":"var(--ast-global-color-4)","background-image":"","background-repeat":"repeat","background-position":"center center","background-size":"auto","background-attachment":"scroll","background-type":"","background-media":"","overlay-type":"","overlay-color":"","overlay-opacity":"","overlay-gradient":""},"mobile":{"background-color":"var(--ast-global-color-4)","background-image":"","background-repeat":"repeat","background-position":"center center","background-size":"auto","background-attachment":"scroll","background-type":"","background-media":"","overlay-type":"","overlay-color":"","overlay-opacity":"","overlay-gradient":""}},"footnotes":""},"class_list":["post-476","page","type-page","status-publish","hentry"],"yoast_head":"<!-- This site is optimized with the Yoast SEO plugin v27.3 - https:\/\/yoast.com\/product\/yoast-seo-wordpress\/ -->\n<title>Qui suis-je ? - MDINNOV Consulting<\/title>\n<meta name=\"robots\" content=\"index, follow, max-snippet:-1, max-image-preview:large, max-video-preview:-1\" \/>\n<link rel=\"canonical\" href=\"https:\/\/mdinnovconsulting.com\/index.php\/qui-suis-je\/\" \/>\n<meta property=\"og:locale\" content=\"fr_FR\" \/>\n<meta property=\"og:type\" content=\"article\" \/>\n<meta property=\"og:title\" content=\"Qui suis-je ? - MDINNOV Consulting\" \/>\n<meta property=\"og:description\" content=\"Je suis Mathilde Dubois, consultante ind\u00e9pendante en gestion de projet et transformation organisationnelle. J\u2019accompagne les entreprises \u2013 start-up, PME et [&hellip;]\" \/>\n<meta property=\"og:url\" content=\"https:\/\/mdinnovconsulting.com\/index.php\/qui-suis-je\/\" \/>\n<meta property=\"og:site_name\" content=\"MDINNOV Consulting\" \/>\n<meta property=\"article:modified_time\" content=\"2026-03-23T10:35:47+00:00\" \/>\n<meta property=\"og:image\" content=\"http:\/\/mdinnovconsulting.com\/wp-content\/uploads\/2026\/02\/Design-sans-titre-2.png\" \/>\n<meta name=\"twitter:card\" content=\"summary_large_image\" \/>\n<meta name=\"twitter:label1\" content=\"Dur\u00e9e de lecture estim\u00e9e\" \/>\n\t<meta name=\"twitter:data1\" content=\"2 minutes\" \/>\n<script type=\"application\/ld+json\" class=\"yoast-schema-graph\">{\"@context\":\"https:\\\/\\\/schema.org\",\"@graph\":[{\"@type\":\"WebPage\",\"@id\":\"https:\\\/\\\/mdinnovconsulting.com\\\/index.php\\\/qui-suis-je\\\/\",\"url\":\"https:\\\/\\\/mdinnovconsulting.com\\\/index.php\\\/qui-suis-je\\\/\",\"name\":\"Qui suis-je ? - MDINNOV Consulting\",\"isPartOf\":{\"@id\":\"http:\\\/\\\/mdinnovconsulting.com\\\/#website\"},\"primaryImageOfPage\":{\"@id\":\"https:\\\/\\\/mdinnovconsulting.com\\\/index.php\\\/qui-suis-je\\\/#primaryimage\"},\"image\":{\"@id\":\"https:\\\/\\\/mdinnovconsulting.com\\\/index.php\\\/qui-suis-je\\\/#primaryimage\"},\"thumbnailUrl\":\"http:\\\/\\\/mdinnovconsulting.com\\\/wp-content\\\/uploads\\\/2026\\\/02\\\/Design-sans-titre-2.png\",\"datePublished\":\"2026-03-13T14:33:16+00:00\",\"dateModified\":\"2026-03-23T10:35:47+00:00\",\"breadcrumb\":{\"@id\":\"https:\\\/\\\/mdinnovconsulting.com\\\/index.php\\\/qui-suis-je\\\/#breadcrumb\"},\"inLanguage\":\"fr-FR\",\"potentialAction\":[{\"@type\":\"ReadAction\",\"target\":[\"https:\\\/\\\/mdinnovconsulting.com\\\/index.php\\\/qui-suis-je\\\/\"]}]},{\"@type\":\"ImageObject\",\"inLanguage\":\"fr-FR\",\"@id\":\"https:\\\/\\\/mdinnovconsulting.com\\\/index.php\\\/qui-suis-je\\\/#primaryimage\",\"url\":\"http:\\\/\\\/mdinnovconsulting.com\\\/wp-content\\\/uploads\\\/2026\\\/02\\\/Design-sans-titre-2.png\",\"contentUrl\":\"http:\\\/\\\/mdinnovconsulting.com\\\/wp-content\\\/uploads\\\/2026\\\/02\\\/Design-sans-titre-2.png\"},{\"@type\":\"BreadcrumbList\",\"@id\":\"https:\\\/\\\/mdinnovconsulting.com\\\/index.php\\\/qui-suis-je\\\/#breadcrumb\",\"itemListElement\":[{\"@type\":\"ListItem\",\"position\":1,\"name\":\"Accueil\",\"item\":\"http:\\\/\\\/mdinnovconsulting.com\\\/\"},{\"@type\":\"ListItem\",\"position\":2,\"name\":\"Qui suis-je ?\"}]},{\"@type\":\"WebSite\",\"@id\":\"http:\\\/\\\/mdinnovconsulting.com\\\/#website\",\"url\":\"http:\\\/\\\/mdinnovconsulting.com\\\/\",\"name\":\"MDINNOV Consulting\",\"description\":\"Making change last.\",\"publisher\":{\"@id\":\"http:\\\/\\\/mdinnovconsulting.com\\\/#organization\"},\"potentialAction\":[{\"@type\":\"SearchAction\",\"target\":{\"@type\":\"EntryPoint\",\"urlTemplate\":\"http:\\\/\\\/mdinnovconsulting.com\\\/?s={search_term_string}\"},\"query-input\":{\"@type\":\"PropertyValueSpecification\",\"valueRequired\":true,\"valueName\":\"search_term_string\"}}],\"inLanguage\":\"fr-FR\"},{\"@type\":\"Organization\",\"@id\":\"http:\\\/\\\/mdinnovconsulting.com\\\/#organization\",\"name\":\"MDINNOV Consulting\",\"url\":\"http:\\\/\\\/mdinnovconsulting.com\\\/\",\"logo\":{\"@type\":\"ImageObject\",\"inLanguage\":\"fr-FR\",\"@id\":\"http:\\\/\\\/mdinnovconsulting.com\\\/#\\\/schema\\\/logo\\\/image\\\/\",\"url\":\"https:\\\/\\\/mdinnovconsulting.com\\\/wp-content\\\/uploads\\\/2026\\\/02\\\/2.png\",\"contentUrl\":\"https:\\\/\\\/mdinnovconsulting.com\\\/wp-content\\\/uploads\\\/2026\\\/02\\\/2.png\",\"width\":500,\"height\":500,\"caption\":\"MDINNOV Consulting\"},\"image\":{\"@id\":\"http:\\\/\\\/mdinnovconsulting.com\\\/#\\\/schema\\\/logo\\\/image\\\/\"}}]}<\/script>\n<!-- \/ Yoast SEO plugin. -->","yoast_head_json":{"title":"Qui suis-je ? - MDINNOV Consulting","robots":{"index":"index","follow":"follow","max-snippet":"max-snippet:-1","max-image-preview":"max-image-preview:large","max-video-preview":"max-video-preview:-1"},"canonical":"https:\/\/mdinnovconsulting.com\/index.php\/qui-suis-je\/","og_locale":"fr_FR","og_type":"article","og_title":"Qui suis-je ? - MDINNOV Consulting","og_description":"Je suis Mathilde Dubois, consultante ind\u00e9pendante en gestion de projet et transformation organisationnelle. J\u2019accompagne les entreprises \u2013 start-up, PME et [&hellip;]","og_url":"https:\/\/mdinnovconsulting.com\/index.php\/qui-suis-je\/","og_site_name":"MDINNOV Consulting","article_modified_time":"2026-03-23T10:35:47+00:00","og_image":[{"url":"http:\/\/mdinnovconsulting.com\/wp-content\/uploads\/2026\/02\/Design-sans-titre-2.png","type":"","width":"","height":""}],"twitter_card":"summary_large_image","twitter_misc":{"Dur\u00e9e de lecture estim\u00e9e":"2 minutes"},"schema":{"@context":"https:\/\/schema.org","@graph":[{"@type":"WebPage","@id":"https:\/\/mdinnovconsulting.com\/index.php\/qui-suis-je\/","url":"https:\/\/mdinnovconsulting.com\/index.php\/qui-suis-je\/","name":"Qui suis-je ? - MDINNOV Consulting","isPartOf":{"@id":"http:\/\/mdinnovconsulting.com\/#website"},"primaryImageOfPage":{"@id":"https:\/\/mdinnovconsulting.com\/index.php\/qui-suis-je\/#primaryimage"},"image":{"@id":"https:\/\/mdinnovconsulting.com\/index.php\/qui-suis-je\/#primaryimage"},"thumbnailUrl":"http:\/\/mdinnovconsulting.com\/wp-content\/uploads\/2026\/02\/Design-sans-titre-2.png","datePublished":"2026-03-13T14:33:16+00:00","dateModified":"2026-03-23T10:35:47+00:00","breadcrumb":{"@id":"https:\/\/mdinnovconsulting.com\/index.php\/qui-suis-je\/#breadcrumb"},"inLanguage":"fr-FR","potentialAction":[{"@type":"ReadAction","target":["https:\/\/mdinnovconsulting.com\/index.php\/qui-suis-je\/"]}]},{"@type":"ImageObject","inLanguage":"fr-FR","@id":"https:\/\/mdinnovconsulting.com\/index.php\/qui-suis-je\/#primaryimage","url":"http:\/\/mdinnovconsulting.com\/wp-content\/uploads\/2026\/02\/Design-sans-titre-2.png","contentUrl":"http:\/\/mdinnovconsulting.com\/wp-content\/uploads\/2026\/02\/Design-sans-titre-2.png"},{"@type":"BreadcrumbList","@id":"https:\/\/mdinnovconsulting.com\/index.php\/qui-suis-je\/#breadcrumb","itemListElement":[{"@type":"ListItem","position":1,"name":"Accueil","item":"http:\/\/mdinnovconsulting.com\/"},{"@type":"ListItem","position":2,"name":"Qui suis-je ?"}]},{"@type":"WebSite","@id":"http:\/\/mdinnovconsulting.com\/#website","url":"http:\/\/mdinnovconsulting.com\/","name":"MDINNOV Consulting","description":"Making change last.","publisher":{"@id":"http:\/\/mdinnovconsulting.com\/#organization"},"potentialAction":[{"@type":"SearchAction","target":{"@type":"EntryPoint","urlTemplate":"http:\/\/mdinnovconsulting.com\/?s={search_term_string}"},"query-input":{"@type":"PropertyValueSpecification","valueRequired":true,"valueName":"search_term_string"}}],"inLanguage":"fr-FR"},{"@type":"Organization","@id":"http:\/\/mdinnovconsulting.com\/#organization","name":"MDINNOV Consulting","url":"http:\/\/mdinnovconsulting.com\/","logo":{"@type":"ImageObject","inLanguage":"fr-FR","@id":"http:\/\/mdinnovconsulting.com\/#\/schema\/logo\/image\/","url":"https:\/\/mdinnovconsulting.com\/wp-content\/uploads\/2026\/02\/2.png","contentUrl":"https:\/\/mdinnovconsulting.com\/wp-content\/uploads\/2026\/02\/2.png","width":500,"height":500,"caption":"MDINNOV Consulting"},"image":{"@id":"http:\/\/mdinnovconsulting.com\/#\/schema\/logo\/image\/"}}]}},"_links":{"self":[{"href":"https:\/\/mdinnovconsulting.com\/index.php\/wp-json\/wp\/v2\/pages\/476","targetHints":{"allow":["GET"]}}],"collection":[{"href":"https:\/\/mdinnovconsulting.com\/index.php\/wp-json\/wp\/v2\/pages"}],"about":[{"href":"https:\/\/mdinnovconsulting.com\/index.php\/wp-json\/wp\/v2\/types\/page"}],"author":[{"embeddable":true,"href":"https:\/\/mdinnovconsulting.com\/index.php\/wp-json\/wp\/v2\/users\/1"}],"replies":[{"embeddable":true,"href":"https:\/\/mdinnovconsulting.com\/index.php\/wp-json\/wp\/v2\/comments?post=476"}],"version-history":[{"count":61,"href":"https:\/\/mdinnovconsulting.com\/index.php\/wp-json\/wp\/v2\/pages\/476\/revisions"}],"predecessor-version":[{"id":1073,"href":"https:\/\/mdinnovconsulting.com\/index.php\/wp-json\/wp\/v2\/pages\/476\/revisions\/1073"}],"wp:attachment":[{"href":"https:\/\/mdinnovconsulting.com\/index.php\/wp-json\/wp\/v2\/media?parent=476"}],"curies":[{"name":"wp","href":"https:\/\/api.w.org\/{rel}","templated":true}]}}